{"id":5890,"date":"2025-07-02T13:02:35","date_gmt":"2025-07-02T13:02:35","guid":{"rendered":"https:\/\/assecoplatform.com\/nasi-eksperci-twoi-partnerzy-w-rozwoju\/"},"modified":"2026-01-15T09:01:42","modified_gmt":"2026-01-15T09:01:42","slug":"nasi-eksperci-twoi-partnerzy-w-rozwoju","status":"publish","type":"page","link":"https:\/\/assecoplatform.com\/pl\/nasi-eksperci-twoi-partnerzy-w-rozwoju\/","title":{"rendered":"Nasi Eksperci. Twoi Partnerzy w Rozwoju."},"content":{"rendered":"\n<div class=\"wp-block-group alignwide is-layout-constrained wp-block-group-is-layout-constrained\">\n<div style=\"height:300px\" aria-hidden=\"true\" class=\"wp-block-spacer\"><\/div>\n\n\n\n<h2 class=\"wp-block-heading\" id=\"h-we-turn-experience-into-impact-meet-the-people-who-make-the-difference\">Przekszta\u0142camy do\u015bwiadczenie w realne efekty. Poznaj ludzi, kt\u00f3rzy wprowadzaj\u0105 zmiany. <\/h2>\n\n\n\n<p>Nasza si\u0142a tkwi w ludziach \u0142\u0105cz\u0105cych g\u0142\u0119bok\u0105 wiedz\u0119 technologiczn\u0105 z prawdziwym zrozumieniem biznesu. Nasi eksperci nie tylko wdra\u017caj\u0105 narz\u0119dzia \u2014 rozumiej\u0105 Twoje wyzwania, oferuj\u0105 strategiczne doradztwo i pomagaj\u0105 nap\u0119dza\u0107 rozw\u00f3j. <\/p>\n\n\n\n<p><\/p>\n\n\n\n<div style=\"height:100px\" aria-hidden=\"true\" class=\"wp-block-spacer\"><\/div>\n\n\n\n<div class=\"wp-block-essential-blocks-advanced-tabs alignwide  root-eb-advanced-tabs-5qw03\"><div class=\"eb-parent-wrapper eb-parent-eb-advanced-tabs-5qw03 eb_animation eb___animated eb___fadeIn\"><div class=\"eb-advanced-tabs-5qw03 eb-advanced-tabs-wrapper horizontal\" data-min-height=\"true\"><div class=\"eb-tabs-nav\"><ul class=\"tabTitles\" data-tabs-ul-id=\"eb-advanced-tabs-5qw03\"><li data-title-tab-id=\"1\" data-title-custom-id=\"\" class=\"active\"><i icon=\"fas fa-home\" class=\"fas fa-home tabIcon\"><\/i><h6 class=\"tab-title-text\">Data Sharing<\/h6><\/li><li data-title-tab-id=\"2\" data-title-custom-id=\"\" class=\"inactive\"><i icon=\"fas fa-home\" class=\"fas fa-home tabIcon\"><\/i><h6 class=\"tab-title-text\">Projektowanie UX<\/h6><\/li><\/ul><\/div><div class=\"eb-tabs-contents\">\n<div class=\"eb-tab-wrapper\" data-tab-id=\"1\" data-tab-parent-id=\"eb-advanced-tabs-5qw03\"><div class=\"eb-tab-inner\">\n<div class=\"wp-block-group is-layout-constrained wp-block-group-is-layout-constrained\">\n<div style=\"height:50px\" aria-hidden=\"true\" class=\"wp-block-spacer\"><\/div>\n\n\n\n<h6 class=\"wp-block-heading\" id=\"h-publications\">Publikacje<\/h6>\n\n\n\n<div class=\"wp-block-columns is-layout-flex wp-container-core-columns-is-layout-9d6595d7 wp-block-columns-is-layout-flex\">\n<div class=\"wp-block-column is-layout-flow wp-block-column-is-layout-flow\" style=\"flex-basis:30%\">\n<figure class=\"wp-block-image size-full is-resized has-custom-border\"><img loading=\"lazy\" decoding=\"async\" width=\"533\" height=\"705\" src=\"https:\/\/assecoplatform.com\/wp-content\/uploads\/2025\/06\/andrzej-maslowski.jpg\" alt=\"\" class=\"wp-image-4072\" style=\"border-radius:30px;width:210px;height:auto\" srcset=\"https:\/\/assecoplatform.com\/wp-content\/uploads\/2025\/06\/andrzej-maslowski.jpg 533w, https:\/\/assecoplatform.com\/wp-content\/uploads\/2025\/06\/andrzej-maslowski-227x300.jpg 227w, https:\/\/assecoplatform.com\/wp-content\/uploads\/2025\/06\/andrzej-maslowski-52x69.jpg 52w, https:\/\/assecoplatform.com\/wp-content\/uploads\/2025\/06\/andrzej-maslowski-313x414.jpg 313w\" sizes=\"auto, (max-width: 533px) 100vw, 533px\" \/><\/figure>\n\n\n\n<div style=\"height:24px\" aria-hidden=\"true\" class=\"wp-block-spacer\"><\/div>\n\n\n\n<p class=\"margin-bottom-small has-black-default-color has-text-color has-link-color wp-elements-17c1924e43525478ee6be1ab85b856aa\"><strong>Autor: Andrzej Mas\u0142owski<\/strong><\/p>\n\n\n\n<p class=\"has-gray-dark-color has-text-color has-link-color wp-elements-b2405b73b47ba637f0dfa18d60da7ccd\">Dyrektor Dzia\u0142u Sprzeda\u017cy i Wdro\u017ce\u0144, Ekspert ds. Wymiany Danych<\/p>\n\n\n\n<p class=\"has-black-dark-color has-text-color has-link-color wp-elements-4fb716d15a21e01dfebbf6ca556edc50\"><strong>\u2726 Ponad 20-letnie do\u015bwiadczenie na rynku FMCG<\/strong><\/p>\n<\/div>\n\n\n\n<div class=\"wp-block-column is-layout-flow wp-block-column-is-layout-flow\" style=\"flex-basis:70%\">\n<div class=\"wp-block-group is-vertical is-layout-flex wp-container-core-group-is-layout-8cf370e7 wp-block-group-is-layout-flex\">\n<h6 class=\"wp-block-heading has-orange-to-blue-color has-text-color has-link-color wp-elements-e2deeb58dfa112b97ee13402624d435d\" id=\"h-how-to-stop-guessing-and-start-growing\"><a href=\"https:\/\/assecoplatform.com\/pl\/jak-przestac-zgadywac-i-zaczac-sie-rozwijac-udostepnianie-danych\/\">Jak przesta\u0107 zgadywa\u0107 i zacz\u0105\u0107 si\u0119 rozwija\u0107?<\/a><\/h6>\n\n\n\n<p>W dynamicznym \u015bwiecie FMCG i handlu detalicznego, dane w czasie rzeczywistym i ich integracja nie s\u0105 ju\u017c opcjonalne \u2014 s\u0105 niezb\u0119dne. W tym eksperckim wywiadzie analizujemy, jak Rozwi\u0105zanie Data Sharing firmy Asseco pomaga firmom prze\u0142amywa\u0107 bariery, zwi\u0119ksza\u0107 wydajno\u015b\u0107 i podejmowa\u0107 wsp\u00f3lnie m\u0105drzejsze decyzje. <\/p>\n\n\n\n<div style=\"height:0px\" aria-hidden=\"true\" class=\"wp-block-spacer wp-container-content-c42f3963\"><\/div>\n\n\n\n<div class=\"wp-block-buttons is-layout-flex wp-block-buttons-is-layout-flex\">\n<div class=\"wp-block-button has-custom-width wp-block-button__width-100 is-style-outline is-style-outline--1\"><a class=\"wp-block-button__link wp-element-button\" href=\"https:\/\/assecoplatform.com\/pl\/jak-przestac-zgadywac-i-zaczac-sie-rozwijac-udostepnianie-danych\/\">Czytaj wi\u0119cej<\/a><\/div>\n<\/div>\n<\/div>\n<\/div>\n<\/div>\n<\/div>\n<\/div><\/div>\n\n\n\n<div class=\"eb-tab-wrapper\" data-tab-id=\"2\" data-tab-parent-id=\"eb-advanced-tabs-5qw03\"><div class=\"eb-tab-inner\">\n<div class=\"wp-block-group is-layout-constrained wp-block-group-is-layout-constrained\">\n<div style=\"height:50px\" aria-hidden=\"true\" class=\"wp-block-spacer\"><\/div>\n\n\n\n<h6 class=\"wp-block-heading\" id=\"h-publications-0\">Publikacje<\/h6>\n\n\n\n<div class=\"wp-block-columns is-layout-flex wp-container-core-columns-is-layout-9d6595d7 wp-block-columns-is-layout-flex\">\n<div class=\"wp-block-column is-layout-flow wp-block-column-is-layout-flow\" style=\"flex-basis:20%\">\n<figure class=\"wp-block-image size-full is-resized has-custom-border\"><img loading=\"lazy\" decoding=\"async\" width=\"800\" height=\"800\" src=\"https:\/\/assecoplatform.com\/wp-content\/uploads\/2025\/07\/image.png\" alt=\"\" class=\"wp-image-4362\" style=\"border-radius:30px;width:210px;height:auto\" srcset=\"https:\/\/assecoplatform.com\/wp-content\/uploads\/2025\/07\/image.png 800w, https:\/\/assecoplatform.com\/wp-content\/uploads\/2025\/07\/image-300x300.png 300w, https:\/\/assecoplatform.com\/wp-content\/uploads\/2025\/07\/image-150x150.png 150w, https:\/\/assecoplatform.com\/wp-content\/uploads\/2025\/07\/image-768x768.png 768w, https:\/\/assecoplatform.com\/wp-content\/uploads\/2025\/07\/image-69x69.png 69w, https:\/\/assecoplatform.com\/wp-content\/uploads\/2025\/07\/image-414x414.png 414w\" sizes=\"auto, (max-width: 800px) 100vw, 800px\" \/><\/figure>\n\n\n\n<div style=\"height:24px\" aria-hidden=\"true\" class=\"wp-block-spacer\"><\/div>\n\n\n\n<p class=\"margin-bottom-small has-black-default-color has-text-color has-link-color wp-elements-57999bd3603a7d42be40f88242295aca\"><strong>Autor: Sebastian \u015awitek<\/strong><\/p>\n\n\n\n<p class=\"has-gray-dark-color has-text-color has-link-color wp-elements-52b78311aa5170854f073ec78080fb1b\">Kierownik Dzia\u0142u UX<\/p>\n\n\n\n<p class=\"has-black-dark-color has-text-color has-link-color wp-elements-4d1e4b3fa096a4bdbba7fc9ce4c90643\"><strong>\u2726 Ponad 10-letnie do\u015bwiadczenie na rynku FMCG<\/strong><\/p>\n<\/div>\n\n\n\n<div class=\"wp-block-column is-layout-flow wp-block-column-is-layout-flow\" style=\"flex-basis:80%\">\n<div class=\"wp-block-group is-vertical is-layout-flex wp-container-core-group-is-layout-8cf370e7 wp-block-group-is-layout-flex\">\n<h6 class=\"wp-block-heading has-orange-to-blue-color has-text-color has-link-color wp-elements-4337fb188dffd6920a8083697187504a\" id=\"h-equipping-fmcg-teams-with-tailored-market-ready-tools-for-success\"><a href=\"https:\/\/assecoplatform.com\/pl\/case-studies\/wyposazamy-zespoly-fmcg-w-dostosowane-do-ich-potrzeb-gotowe-do-wprowadzenia-na-rynek-narzedzia-sukcesu\/\">Wyposa\u017camy zespo\u0142y FMCG w dostosowane do ich potrzeb, gotowe do wprowadzenia na rynek narz\u0119dzia sukcesu.<\/a><\/h6>\n\n\n\n<p>Nasze do\u015bwiadczenie da\u0142o nam cenny wgl\u0105d w rynek d\u00f3br szybkozbywalnych.  <strong>Jeste\u015bmy g\u0142\u0119boko przekonani, \u017ce aby skutecznie zwi\u0119ksza\u0107 sprzeda\u017c, rozwi\u0105zania musz\u0105 by\u0107 elastyczne i dostosowane do unikalnych potrzeb ka\u017cdej firmy FMCG<\/strong><\/p>\n\n\n\n<div style=\"height:0px\" aria-hidden=\"true\" class=\"wp-block-spacer wp-container-content-e1bb55cb\"><\/div>\n\n\n\n<div class=\"wp-block-buttons is-layout-flex wp-block-buttons-is-layout-flex\">\n<div class=\"wp-block-button has-custom-width wp-block-button__width-100 is-style-outline is-style-outline--2\"><a class=\"wp-block-button__link wp-element-button\" href=\"https:\/\/assecoplatform.com\/pl\/case-studies\/wyposazamy-zespoly-fmcg-w-dostosowane-do-ich-potrzeb-gotowe-do-wprowadzenia-na-rynek-narzedzia-sukcesu\/\">Czytaj wi\u0119cej<\/a><\/div>\n<\/div>\n<\/div>\n\n\n\n<div style=\"height:50px\" aria-hidden=\"true\" class=\"wp-block-spacer\"><\/div>\n\n\n\n<hr class=\"wp-block-separator has-text-color has-gray-default-color has-alpha-channel-opacity has-gray-default-background-color has-background is-style-default\"\/>\n\n\n\n<div style=\"height:75px\" aria-hidden=\"true\" class=\"wp-block-spacer\"><\/div>\n\n\n\n<div class=\"wp-block-group is-vertical is-layout-flex wp-container-core-group-is-layout-8cf370e7 wp-block-group-is-layout-flex\">\n<h6 class=\"wp-block-heading has-orange-to-blue-color has-text-color has-link-color wp-elements-cd0707ad1d6a2773b046448a03e3e94e\" id=\"h-ai-should-work-for-you-not-confuse-you-our-ux-principles-0\"><a href=\"https:\/\/assecoplatform.com\/pl\/case-studies\/sztuczna-inteligencja-powinna-pracowac-dla-ciebie-a-nie-cie-dezorientowac-nasze-zasady-ux\/\">AI powinno pracowa\u0107 <em>dla<\/em> Ciebie, a nie dezorientowa\u0107 \u2013 nasze zasady UX<\/a><\/h6>\n\n\n\n<p>Wraz z ewoluuj\u0105c\u0105 rol\u0105 AI w technologii, kluczowe jest budowanie zaufania u\u017cytkownik\u00f3w i dost\u0119pno\u015bci poprzez jasn\u0105 komunikacj\u0119, przejrzysto\u015b\u0107 i adaptacyjne interakcje. Ten zestaw zasad wyznacza kierunek naszego podej\u015bcia do tworzenia AI nie tylko funkcjonalnego, ale prawdziwie wspieraj\u0105cego, zapewniaj\u0105c jego p\u0142ynn\u0105 integracj\u0119 z przep\u0142ywem pracy u\u017cytkownik\u00f3w i umo\u017cliwiaj\u0105c im efektywne wykorzystanie AI. <\/p>\n\n\n\n<div style=\"height:0px\" aria-hidden=\"true\" class=\"wp-block-spacer wp-container-content-e1bb55cb\"><\/div>\n\n\n\n<div class=\"wp-block-buttons is-layout-flex wp-block-buttons-is-layout-flex\">\n<div class=\"wp-block-button has-custom-width wp-block-button__width-100 is-style-outline is-style-outline--3\"><a class=\"wp-block-button__link wp-element-button\" href=\"https:\/\/assecoplatform.com\/pl\/case-studies\/sztuczna-inteligencja-powinna-pracowac-dla-ciebie-a-nie-cie-dezorientowac-nasze-zasady-ux\/\">Czytaj wi\u0119cej<\/a><\/div>\n<\/div>\n<\/div>\n<\/div>\n<\/div>\n<\/div>\n<\/div><\/div>\n<\/div><\/div><\/div><\/div>\n<\/div>\n\n<p><\/p>\n","protected":false},"excerpt":{"rendered":"<p>Przekszta\u0142camy do\u015bwiadczenie w realne efekty. Poznaj ludzi, kt\u00f3rzy wprowadzaj\u0105 zmiany. Nasza si\u0142a tkwi w ludziach \u0142\u0105cz\u0105cych g\u0142\u0119bok\u0105 wiedz\u0119 technologiczn\u0105 z prawdziwym zrozumieniem biznesu. Nasi eksperci nie tylko wdra\u017caj\u0105 narz\u0119dzia \u2014 rozumiej\u0105 Twoje wyzwania, oferuj\u0105 strategiczne doradztwo i pomagaj\u0105 nap\u0119dza\u0107 rozw\u00f3j.<\/p>\n","protected":false},"author":6,"featured_media":0,"parent":0,"menu_order":0,"comment_status":"closed","ping_status":"closed","template":"","meta":{"_eb_attr":"","footnotes":""},"class_list":["post-5890","page","type-page","status-publish","hentry"],"yoast_head":"<!-- This site is optimized with the Yoast SEO Premium plugin v27.1 (Yoast SEO v27.1.1) - https:\/\/yoast.com\/product\/yoast-seo-premium-wordpress\/ -->\n<title>Nasi Eksperci. Twoi Partnerzy w Rozwoju. - Asseco Platform<\/title>\n<meta name=\"robots\" content=\"index, follow, max-snippet:-1, max-image-preview:large, max-video-preview:-1\" \/>\n<link rel=\"canonical\" href=\"https:\/\/assecoplatform.com\/pl\/nasi-eksperci-twoi-partnerzy-w-rozwoju\/\" \/>\n<meta property=\"og:locale\" content=\"pl_PL\" \/>\n<meta property=\"og:type\" content=\"article\" \/>\n<meta property=\"og:title\" content=\"Nasi Eksperci. Twoi Partnerzy w Rozwoju.\" \/>\n<meta property=\"og:description\" content=\"Przekszta\u0142camy do\u015bwiadczenie w realne efekty. Poznaj ludzi, kt\u00f3rzy wprowadzaj\u0105 zmiany. Nasza si\u0142a tkwi w ludziach \u0142\u0105cz\u0105cych g\u0142\u0119bok\u0105 wiedz\u0119 technologiczn\u0105 z prawdziwym zrozumieniem biznesu. Nasi eksperci nie tylko wdra\u017caj\u0105 narz\u0119dzia \u2014 rozumiej\u0105 Twoje wyzwania, oferuj\u0105 strategiczne doradztwo i pomagaj\u0105 nap\u0119dza\u0107 rozw\u00f3j.\" \/>\n<meta property=\"og:url\" content=\"https:\/\/assecoplatform.com\/pl\/nasi-eksperci-twoi-partnerzy-w-rozwoju\/\" \/>\n<meta property=\"og:site_name\" content=\"Asseco Platform\" \/>\n<meta property=\"article:modified_time\" content=\"2026-01-15T09:01:42+00:00\" \/>\n<meta property=\"og:image\" content=\"https:\/\/assecoplatform.com\/wp-content\/uploads\/2025\/06\/andrzej-maslowski.jpg\" \/>\n\t<meta property=\"og:image:width\" content=\"533\" \/>\n\t<meta property=\"og:image:height\" content=\"705\" \/>\n\t<meta property=\"og:image:type\" content=\"image\/jpeg\" \/>\n<meta name=\"twitter:card\" content=\"summary_large_image\" \/>\n<meta name=\"twitter:label1\" content=\"Szacowany czas czytania\" \/>\n\t<meta name=\"twitter:data1\" content=\"1 minuta\" \/>\n<script type=\"application\/ld+json\" class=\"yoast-schema-graph\">{\"@context\":\"https:\/\/schema.org\",\"@graph\":[{\"@type\":\"WebPage\",\"@id\":\"https:\/\/assecoplatform.com\/pl\/nasi-eksperci-twoi-partnerzy-w-rozwoju\/\",\"url\":\"https:\/\/assecoplatform.com\/pl\/nasi-eksperci-twoi-partnerzy-w-rozwoju\/\",\"name\":\"Nasi Eksperci. Twoi Partnerzy w Rozwoju. - Asseco Platform\",\"isPartOf\":{\"@id\":\"https:\/\/assecoplatform.com\/pl\/#website\"},\"primaryImageOfPage\":{\"@id\":\"https:\/\/assecoplatform.com\/pl\/nasi-eksperci-twoi-partnerzy-w-rozwoju\/#primaryimage\"},\"image\":{\"@id\":\"https:\/\/assecoplatform.com\/pl\/nasi-eksperci-twoi-partnerzy-w-rozwoju\/#primaryimage\"},\"thumbnailUrl\":\"https:\/\/assecoplatform.com\/wp-content\/uploads\/2025\/06\/andrzej-maslowski.jpg\",\"datePublished\":\"2025-07-02T13:02:35+00:00\",\"dateModified\":\"2026-01-15T09:01:42+00:00\",\"breadcrumb\":{\"@id\":\"https:\/\/assecoplatform.com\/pl\/nasi-eksperci-twoi-partnerzy-w-rozwoju\/#breadcrumb\"},\"inLanguage\":\"pl-PL\",\"potentialAction\":[{\"@type\":\"ReadAction\",\"target\":[\"https:\/\/assecoplatform.com\/pl\/nasi-eksperci-twoi-partnerzy-w-rozwoju\/\"]}]},{\"@type\":\"ImageObject\",\"inLanguage\":\"pl-PL\",\"@id\":\"https:\/\/assecoplatform.com\/pl\/nasi-eksperci-twoi-partnerzy-w-rozwoju\/#primaryimage\",\"url\":\"https:\/\/assecoplatform.com\/wp-content\/uploads\/2025\/06\/andrzej-maslowski.jpg\",\"contentUrl\":\"https:\/\/assecoplatform.com\/wp-content\/uploads\/2025\/06\/andrzej-maslowski.jpg\"},{\"@type\":\"BreadcrumbList\",\"@id\":\"https:\/\/assecoplatform.com\/pl\/nasi-eksperci-twoi-partnerzy-w-rozwoju\/#breadcrumb\",\"itemListElement\":[{\"@type\":\"ListItem\",\"position\":1,\"name\":\"Home\",\"item\":\"https:\/\/assecoplatform.com\/pl\/\"},{\"@type\":\"ListItem\",\"position\":2,\"name\":\"Nasi Eksperci. Twoi Partnerzy w Rozwoju.\"}]},{\"@type\":\"WebSite\",\"@id\":\"https:\/\/assecoplatform.com\/pl\/#website\",\"url\":\"https:\/\/assecoplatform.com\/pl\/\",\"name\":\"Asseco Platform\",\"description\":\"Solutions for FMCG\",\"publisher\":{\"@id\":\"https:\/\/assecoplatform.com\/pl\/#organization\"},\"potentialAction\":[{\"@type\":\"SearchAction\",\"target\":{\"@type\":\"EntryPoint\",\"urlTemplate\":\"https:\/\/assecoplatform.com\/pl\/?s={search_term_string}\"},\"query-input\":{\"@type\":\"PropertyValueSpecification\",\"valueRequired\":true,\"valueName\":\"search_term_string\"}}],\"inLanguage\":\"pl-PL\"},{\"@type\":\"Organization\",\"@id\":\"https:\/\/assecoplatform.com\/pl\/#organization\",\"name\":\"Asseco Platform\",\"url\":\"https:\/\/assecoplatform.com\/pl\/\",\"logo\":{\"@type\":\"ImageObject\",\"inLanguage\":\"pl-PL\",\"@id\":\"https:\/\/assecoplatform.com\/pl\/#\/schema\/logo\/image\/\",\"url\":\"https:\/\/assecoplatform.com\/wp-content\/uploads\/2024\/07\/asseco_platform.svg\",\"contentUrl\":\"https:\/\/assecoplatform.com\/wp-content\/uploads\/2024\/07\/asseco_platform.svg\",\"caption\":\"Asseco Platform\"},\"image\":{\"@id\":\"https:\/\/assecoplatform.com\/pl\/#\/schema\/logo\/image\/\"}}]}<\/script>\n<!-- \/ Yoast SEO Premium plugin. -->","yoast_head_json":{"title":"Nasi Eksperci. Twoi Partnerzy w Rozwoju. - Asseco Platform","robots":{"index":"index","follow":"follow","max-snippet":"max-snippet:-1","max-image-preview":"max-image-preview:large","max-video-preview":"max-video-preview:-1"},"canonical":"https:\/\/assecoplatform.com\/pl\/nasi-eksperci-twoi-partnerzy-w-rozwoju\/","og_locale":"pl_PL","og_type":"article","og_title":"Nasi Eksperci. Twoi Partnerzy w Rozwoju.","og_description":"Przekszta\u0142camy do\u015bwiadczenie w realne efekty. Poznaj ludzi, kt\u00f3rzy wprowadzaj\u0105 zmiany. Nasza si\u0142a tkwi w ludziach \u0142\u0105cz\u0105cych g\u0142\u0119bok\u0105 wiedz\u0119 technologiczn\u0105 z prawdziwym zrozumieniem biznesu. Nasi eksperci nie tylko wdra\u017caj\u0105 narz\u0119dzia \u2014 rozumiej\u0105 Twoje wyzwania, oferuj\u0105 strategiczne doradztwo i pomagaj\u0105 nap\u0119dza\u0107 rozw\u00f3j.","og_url":"https:\/\/assecoplatform.com\/pl\/nasi-eksperci-twoi-partnerzy-w-rozwoju\/","og_site_name":"Asseco Platform","article_modified_time":"2026-01-15T09:01:42+00:00","og_image":[{"width":533,"height":705,"url":"https:\/\/assecoplatform.com\/wp-content\/uploads\/2025\/06\/andrzej-maslowski.jpg","type":"image\/jpeg"}],"twitter_card":"summary_large_image","twitter_misc":{"Szacowany czas czytania":"1 minuta"},"schema":{"@context":"https:\/\/schema.org","@graph":[{"@type":"WebPage","@id":"https:\/\/assecoplatform.com\/pl\/nasi-eksperci-twoi-partnerzy-w-rozwoju\/","url":"https:\/\/assecoplatform.com\/pl\/nasi-eksperci-twoi-partnerzy-w-rozwoju\/","name":"Nasi Eksperci. Twoi Partnerzy w Rozwoju. - Asseco Platform","isPartOf":{"@id":"https:\/\/assecoplatform.com\/pl\/#website"},"primaryImageOfPage":{"@id":"https:\/\/assecoplatform.com\/pl\/nasi-eksperci-twoi-partnerzy-w-rozwoju\/#primaryimage"},"image":{"@id":"https:\/\/assecoplatform.com\/pl\/nasi-eksperci-twoi-partnerzy-w-rozwoju\/#primaryimage"},"thumbnailUrl":"https:\/\/assecoplatform.com\/wp-content\/uploads\/2025\/06\/andrzej-maslowski.jpg","datePublished":"2025-07-02T13:02:35+00:00","dateModified":"2026-01-15T09:01:42+00:00","breadcrumb":{"@id":"https:\/\/assecoplatform.com\/pl\/nasi-eksperci-twoi-partnerzy-w-rozwoju\/#breadcrumb"},"inLanguage":"pl-PL","potentialAction":[{"@type":"ReadAction","target":["https:\/\/assecoplatform.com\/pl\/nasi-eksperci-twoi-partnerzy-w-rozwoju\/"]}]},{"@type":"ImageObject","inLanguage":"pl-PL","@id":"https:\/\/assecoplatform.com\/pl\/nasi-eksperci-twoi-partnerzy-w-rozwoju\/#primaryimage","url":"https:\/\/assecoplatform.com\/wp-content\/uploads\/2025\/06\/andrzej-maslowski.jpg","contentUrl":"https:\/\/assecoplatform.com\/wp-content\/uploads\/2025\/06\/andrzej-maslowski.jpg"},{"@type":"BreadcrumbList","@id":"https:\/\/assecoplatform.com\/pl\/nasi-eksperci-twoi-partnerzy-w-rozwoju\/#breadcrumb","itemListElement":[{"@type":"ListItem","position":1,"name":"Home","item":"https:\/\/assecoplatform.com\/pl\/"},{"@type":"ListItem","position":2,"name":"Nasi Eksperci. Twoi Partnerzy w Rozwoju."}]},{"@type":"WebSite","@id":"https:\/\/assecoplatform.com\/pl\/#website","url":"https:\/\/assecoplatform.com\/pl\/","name":"Asseco Platform","description":"Solutions for FMCG","publisher":{"@id":"https:\/\/assecoplatform.com\/pl\/#organization"},"potentialAction":[{"@type":"SearchAction","target":{"@type":"EntryPoint","urlTemplate":"https:\/\/assecoplatform.com\/pl\/?s={search_term_string}"},"query-input":{"@type":"PropertyValueSpecification","valueRequired":true,"valueName":"search_term_string"}}],"inLanguage":"pl-PL"},{"@type":"Organization","@id":"https:\/\/assecoplatform.com\/pl\/#organization","name":"Asseco Platform","url":"https:\/\/assecoplatform.com\/pl\/","logo":{"@type":"ImageObject","inLanguage":"pl-PL","@id":"https:\/\/assecoplatform.com\/pl\/#\/schema\/logo\/image\/","url":"https:\/\/assecoplatform.com\/wp-content\/uploads\/2024\/07\/asseco_platform.svg","contentUrl":"https:\/\/assecoplatform.com\/wp-content\/uploads\/2024\/07\/asseco_platform.svg","caption":"Asseco Platform"},"image":{"@id":"https:\/\/assecoplatform.com\/pl\/#\/schema\/logo\/image\/"}}]}},"_links":{"self":[{"href":"https:\/\/assecoplatform.com\/pl\/wp-json\/wp\/v2\/pages\/5890","targetHints":{"allow":["GET"]}}],"collection":[{"href":"https:\/\/assecoplatform.com\/pl\/wp-json\/wp\/v2\/pages"}],"about":[{"href":"https:\/\/assecoplatform.com\/pl\/wp-json\/wp\/v2\/types\/page"}],"author":[{"embeddable":true,"href":"https:\/\/assecoplatform.com\/pl\/wp-json\/wp\/v2\/users\/6"}],"replies":[{"embeddable":true,"href":"https:\/\/assecoplatform.com\/pl\/wp-json\/wp\/v2\/comments?post=5890"}],"version-history":[{"count":1,"href":"https:\/\/assecoplatform.com\/pl\/wp-json\/wp\/v2\/pages\/5890\/revisions"}],"predecessor-version":[{"id":5891,"href":"https:\/\/assecoplatform.com\/pl\/wp-json\/wp\/v2\/pages\/5890\/revisions\/5891"}],"wp:attachment":[{"href":"https:\/\/assecoplatform.com\/pl\/wp-json\/wp\/v2\/media?parent=5890"}],"curies":[{"name":"wp","href":"https:\/\/api.w.org\/{rel}","templated":true}]}}